{"id":121,"date":"2015-02-08T13:59:29","date_gmt":"2015-02-08T12:59:29","guid":{"rendered":"https:\/\/lav-naila.de\/\/WP\/?page_id=121"},"modified":"2019-07-02T21:31:43","modified_gmt":"2019-07-02T19:31:43","slug":"impressum","status":"publish","type":"page","link":"https:\/\/lav-naila.de\/?page_id=121","title":{"rendered":"Impressum"},"content":{"rendered":"<h2><span style=\"color: #6e0000;\"><strong>Verantwortlich f\u00fcr Web-Inhalte:<\/strong><\/span><\/h2>\n<div>\n<p>Leichtathletikvereinigung Naila e.V.\u00a0 \u2013 LAV Naila<\/p>\n<p><strong>Postadresse:<br \/>\n<\/strong>Helena Krofta<br \/>\nSperberweg 16<br \/>\n95119 Naila<\/p>\n<p>e-mail:\u00a0\u00a0\u00a0\u00a0\u00a0\u00a0\u00a0\u00a0\u00a0\u00a0\u00a0 <a href=\"mailto:krofti@gmx.de\">krofti@gmx.de<\/a><br \/>\nInternet:\u00a0\u00a0\u00a0\u00a0\u00a0\u00a0\u00a0\u00a0\u00a0 <a href=\"http:\/\/www.lav-naila.de\">www.lav-naila.de<\/a><\/p>\n<p><strong>\u00a0<\/strong><strong>Vertretung durch:<br \/>\n<\/strong>1.Vorsitzende Helena Krofta, Sperberweg 16, 95119 Naila<\/p>\n<p><strong>Registereintrag:<br \/>\n<\/strong>Registergericht:\u00a0\u00a0\u00a0\u00a0\u00a0\u00a0 Amtsgericht Hof<br \/>\nRegisternummer:\u00a0\u00a0\u00a0\u00a0 VR 668<\/p>\n<\/div>\n<h2><span style=\"color: #6e0000;\">Haftungshinweis<\/span><\/h2>\n<p>Trotz sorgf\u00e4ltiger inhaltlicher Kontrolle \u00fcbernehmen wir keine Haftung f\u00fcr die Inhalte externer Links. F\u00fcr den Inhalt der verlinkten Seiten sind ausschlie\u00dflich deren Betreiber verantwortlich.<\/p>\n<h2><span style=\"color: #6e0000;\">Sonstiges<\/span><\/h2>\n<p>Vectoren des Headers mit freundlicher Genehmigung von\u00a0http:\/\/all-silhouettes.com\/sportsmen-athletes-gymnasts\/<\/p>\n","protected":false},"excerpt":{"rendered":"<p>Verantwortlich f\u00fcr Web-Inhalte: Leichtathletikvereinigung Naila e.V.\u00a0 \u2013 LAV Naila Postadresse: Helena Krofta Sperberweg 16 95119 Naila e-mail:\u00a0\u00a0\u00a0\u00a0\u00a0\u00a0\u00a0\u00a0\u00a0\u00a0\u00a0 krofti@gmx.de Internet:\u00a0\u00a0\u00a0\u00a0\u00a0\u00a0\u00a0\u00a0\u00a0 www.lav-naila.de \u00a0Vertretung durch: 1.Vorsitzende Helena Krofta, Sperberweg 16, 95119 Naila Registereintrag: Registergericht:\u00a0\u00a0\u00a0\u00a0\u00a0\u00a0 Amtsgericht Hof Registernummer:\u00a0\u00a0\u00a0\u00a0 VR 668 Haftungshinweis Trotz sorgf\u00e4ltiger inhaltlicher<\/p>\n","protected":false},"author":1,"featured_media":0,"parent":0,"menu_order":0,"comment_status":"closed","ping_status":"closed","template":"","meta":{"inline_featured_image":false,"_mc_calendar":[],"footnotes":""},"class_list":["post-121","page","type-page","status-publish","hentry"],"_links":{"self":[{"href":"https:\/\/lav-naila.de\/index.php?rest_route=\/wp\/v2\/pages\/121","targetHints":{"allow":["GET"]}}],"collection":[{"href":"https:\/\/lav-naila.de\/index.php?rest_route=\/wp\/v2\/pages"}],"about":[{"href":"https:\/\/lav-naila.de\/index.php?rest_route=\/wp\/v2\/types\/page"}],"author":[{"embeddable":true,"href":"https:\/\/lav-naila.de\/index.php?rest_route=\/wp\/v2\/users\/1"}],"replies":[{"embeddable":true,"href":"https:\/\/lav-naila.de\/index.php?rest_route=%2Fwp%2Fv2%2Fcomments&post=121"}],"version-history":[{"count":4,"href":"https:\/\/lav-naila.de\/index.php?rest_route=\/wp\/v2\/pages\/121\/revisions"}],"predecessor-version":[{"id":1014,"href":"https:\/\/lav-naila.de\/index.php?rest_route=\/wp\/v2\/pages\/121\/revisions\/1014"}],"wp:attachment":[{"href":"https:\/\/lav-naila.de\/index.php?rest_route=%2Fwp%2Fv2%2Fmedia&parent=121"}],"curies":[{"name":"wp","href":"https:\/\/api.w.org\/{rel}","templated":true}]}}